{"id":3352,"date":"2025-10-11T18:03:35","date_gmt":"2025-10-11T18:03:35","guid":{"rendered":"https:\/\/educacionsinfronteras.com.pe\/?page_id=3352"},"modified":"2025-10-11T18:05:56","modified_gmt":"2025-10-11T18:05:56","slug":"capacitador-en-gestion-de-negocios","status":"publish","type":"page","link":"https:\/\/educacionsinfronteras.com.pe\/index.php\/capacitador-en-gestion-de-negocios\/","title":{"rendered":"Capacitador en Gesti\u00f3n de Negocios"},"content":{"rendered":"\t\t<div data-elementor-type=\"wp-page\" data-elementor-id=\"3352\" class=\"elementor elementor-3352\">\n\t\t\t\t\t\t<section class=\"elementor-section elementor-top-section elementor-element elementor-element-b501399 elementor-section-boxed elementor-section-height-default elementor-section-height-default\" data-id=\"b501399\" data-element_type=\"section\">\n\t\t\t\t\t\t<div class=\"elementor-container elementor-column-gap-extended\">\n\t\t\t\t\t<div class=\"elementor-column elementor-col-100 elementor-top-column elementor-element elementor-element-6365e43 ot-flex-column-vertical\" data-id=\"6365e43\" data-element_type=\"column\">\n\t\t\t<div class=\"elementor-widget-wrap elementor-element-populated\">\n\t\t\t\t\t\t<section class=\"elementor-section elementor-inner-section elementor-element elementor-element-4b4c82c elementor-section-full_width elementor-section-content-middle elementor-section-height-default elementor-section-height-default\" data-id=\"4b4c82c\" data-element_type=\"section\">\n\t\t\t\t\t\t<div class=\"elementor-container elementor-column-gap-extended\">\n\t\t\t\t\t<div class=\"elementor-column elementor-col-50 elementor-inner-column elementor-element elementor-element-fcac4d4 ot-column-items-top ot-flex-column-vertical\" data-id=\"fcac4d4\" data-element_type=\"column\">\n\t\t\t<div class=\"elementor-widget-wrap elementor-element-populated\">\n\t\t\t\t\t\t<div class=\"elementor-element elementor-element-98f528e elementor-widget elementor-widget-image\" data-id=\"98f528e\" data-element_type=\"widget\" data-widget_type=\"image.default\">\n\t\t\t\t\t\t\t\t\t\t\t\t\t\t\t<img fetchpriority=\"high\" decoding=\"async\" width=\"792\" height=\"792\" src=\"https:\/\/educacionsinfronteras.com.pe\/wp-content\/uploads\/2025\/10\/1.jpeg\" class=\"attachment-full size-full wp-image-3354\" alt=\"\" srcset=\"https:\/\/educacionsinfronteras.com.pe\/wp-content\/uploads\/2025\/10\/1.jpeg 792w, https:\/\/educacionsinfronteras.com.pe\/wp-content\/uploads\/2025\/10\/1-300x300.jpeg 300w, https:\/\/educacionsinfronteras.com.pe\/wp-content\/uploads\/2025\/10\/1-150x150.jpeg 150w, https:\/\/educacionsinfronteras.com.pe\/wp-content\/uploads\/2025\/10\/1-768x768.jpeg 768w, https:\/\/educacionsinfronteras.com.pe\/wp-content\/uploads\/2025\/10\/1-600x600.jpeg 600w\" sizes=\"(max-width: 792px) 100vw, 792px\" \/>\t\t\t\t\t\t\t\t\t\t\t\t\t\t\t<\/div>\n\t\t\t\t\t<\/div>\n\t\t<\/div>\n\t\t\t\t<div class=\"elementor-column elementor-col-50 elementor-inner-column elementor-element elementor-element-1070f44 ot-flex-column-vertical\" data-id=\"1070f44\" data-element_type=\"column\">\n\t\t\t<div class=\"elementor-widget-wrap elementor-element-populated\">\n\t\t\t\t\t\t<div class=\"elementor-element elementor-element-bfb6219 elementor-widget elementor-widget-heading\" data-id=\"bfb6219\" data-element_type=\"widget\" data-widget_type=\"heading.default\">\n\t\t\t\t\t<h3 class=\"elementor-heading-title elementor-size-default\"><em>Zarco Castillo Villagran<\/em><\/h3>\t\t\t\t<\/div>\n\t\t\t\t<div class=\"elementor-element elementor-element-77b067d elementor-widget elementor-widget-heading\" data-id=\"77b067d\" data-element_type=\"widget\" data-widget_type=\"heading.default\">\n\t\t\t\t\t<h6 class=\"elementor-heading-title elementor-size-default\">Instructor -  MBA, Agile Coach, LSS M\u00e1ster Black Belt<\/h6>\t\t\t\t<\/div>\n\t\t\t\t<div class=\"elementor-element elementor-element-e4d0805 elementor-widget elementor-widget-text-editor\" data-id=\"e4d0805\" data-element_type=\"widget\" data-widget_type=\"text-editor.default\">\n\t\t\t\t\t\t\t\t\t<p data-start=\"55\" data-end=\"341\">Zarco Castillo Villagr\u00e1n es un profesional con amplia trayectoria en <strong data-start=\"124\" data-end=\"193\">consultor\u00eda y direcci\u00f3n de admisiones en instituciones educativas<\/strong>. Actualmente se desempe\u00f1a como <strong data-start=\"225\" data-end=\"307\">Vicepresidente de Consultor\u00eda y Admisiones en TENDIS \u2013 Solutions for Education<\/strong>, con sede en Santiago de Chile.<\/p><p data-start=\"343\" data-end=\"683\">Cuenta con m\u00e1s de <strong data-start=\"361\" data-end=\"387\">15 a\u00f1os de experiencia<\/strong> en liderazgo estrat\u00e9gico, desarrollo organizacional y crecimiento institucional en el sector educativo. Ha ocupado cargos como <strong data-start=\"515\" data-end=\"547\">Director General de Admisi\u00f3n<\/strong> y <strong data-start=\"550\" data-end=\"576\">Director de Admisiones<\/strong> en instituciones pertenecientes al grupo <strong data-start=\"618\" data-end=\"657\">Laureate International Universities<\/strong>, en Chile y Costa Rica.<\/p><p data-start=\"685\" data-end=\"915\">Es <strong data-start=\"688\" data-end=\"725\">licenciado en Direcci\u00f3n de Ventas<\/strong> y posee un <strong data-start=\"737\" data-end=\"761\">MBA Ejecutivo Global<\/strong>. Adem\u00e1s, se destaca por su habilidad en <strong data-start=\"802\" data-end=\"912\">estrategias comerciales, liderazgo de equipos, marketing educativo y desarrollo de relaciones estrat\u00e9gicas<\/strong>.<\/p>\t\t\t\t\t\t\t\t<\/div>\n\t\t\t\t<div class=\"elementor-element elementor-element-1453173 elementor-grid-4 e-grid-align-left elementor-shape-rounded elementor-widget elementor-widget-social-icons\" data-id=\"1453173\" data-element_type=\"widget\" data-widget_type=\"social-icons.default\">\n\t\t\t\t\t\t\t<div class=\"elementor-social-icons-wrapper elementor-grid\" role=\"list\">\n\t\t\t\t\t\t\t<span class=\"elementor-grid-item\" role=\"listitem\">\n\t\t\t\t\t<a class=\"elementor-icon elementor-social-icon elementor-social-icon-linkedin elementor-repeater-item-049712d\" target=\"_blank\">\n\t\t\t\t\t\t<span class=\"elementor-screen-only\">Linkedin<\/span>\n\t\t\t\t\t\t<svg aria-hidden=\"true\" class=\"e-font-icon-svg e-fab-linkedin\" viewBox=\"0 0 448 512\" xmlns=\"http:\/\/www.w3.org\/2000\/svg\"><path d=\"M416 32H31.9C14.3 32 0 46.5 0 64.3v383.4C0 465.5 14.3 480 31.9 480H416c17.6 0 32-14.5 32-32.3V64.3c0-17.8-14.4-32.3-32-32.3zM135.4 416H69V202.2h66.5V416zm-33.2-243c-21.3 0-38.5-17.3-38.5-38.5S80.9 96 102.2 96c21.2 0 38.5 17.3 38.5 38.5 0 21.3-17.2 38.5-38.5 38.5zm282.1 243h-66.4V312c0-24.8-.5-56.7-34.5-56.7-34.6 0-39.9 27-39.9 54.9V416h-66.4V202.2h63.7v29.2h.9c8.9-16.8 30.6-34.5 62.9-34.5 67.2 0 79.7 44.3 79.7 101.9V416z\"><\/path><\/svg>\t\t\t\t\t<\/a>\n\t\t\t\t<\/span>\n\t\t\t\t\t\t\t<span class=\"elementor-grid-item\" role=\"listitem\">\n\t\t\t\t\t<a class=\"elementor-icon elementor-social-icon elementor-social-icon-facebook-f elementor-repeater-item-030f11b\" target=\"_blank\">\n\t\t\t\t\t\t<span class=\"elementor-screen-only\">Facebook-f<\/span>\n\t\t\t\t\t\t<svg aria-hidden=\"true\" class=\"e-font-icon-svg e-fab-facebook-f\" viewBox=\"0 0 320 512\" xmlns=\"http:\/\/www.w3.org\/2000\/svg\"><path d=\"M279.14 288l14.22-92.66h-88.91v-60.13c0-25.35 12.42-50.06 52.24-50.06h40.42V6.26S260.43 0 225.36 0c-73.22 0-121.08 44.38-121.08 124.72v70.62H22.89V288h81.39v224h100.17V288z\"><\/path><\/svg>\t\t\t\t\t<\/a>\n\t\t\t\t<\/span>\n\t\t\t\t\t<\/div>\n\t\t\t\t\t\t<\/div>\n\t\t\t\t\t<\/div>\n\t\t<\/div>\n\t\t\t\t\t<\/div>\n\t\t<\/section>\n\t\t\t\t<div class=\"elementor-element elementor-element-ef6bdc8 elementor-widget elementor-widget-text-editor\" data-id=\"ef6bdc8\" data-element_type=\"widget\" data-widget_type=\"text-editor.default\">\n\t\t\t\t\t\t\t\t\t<p>\u00a0<\/p><p style=\"text-align: center;\">Cada estudiante descubre una ruta definida para avanzar, potenciar su talento y consolidar su crecimiento profesional con respaldo acad\u00e9mico.<\/p>\t\t\t\t\t\t\t\t<\/div>\n\t\t\t\t\t<\/div>\n\t\t<\/div>\n\t\t\t\t\t<\/div>\n\t\t<\/section>\n\t\t\t\t<\/div>\n\t\t","protected":false},"excerpt":{"rendered":"<p>Zarco Castillo Villagran Instructor &#8211; MBA, Agile Coach, LSS M\u00e1ster Black Belt Zarco Castillo Villagr\u00e1n es un profesional con amplia trayectoria en consultor\u00eda y direcci\u00f3n de admisiones en instituciones educativas. Actualmente se desempe\u00f1a como Vicepresidente de Consultor\u00eda y Admisiones en TENDIS \u2013 Solutions for Education, con sede en Santiago de Chile. Cuenta con m\u00e1s de [&hellip;]<\/p>\n","protected":false},"author":1,"featured_media":0,"parent":0,"menu_order":0,"comment_status":"closed","ping_status":"closed","template":"","meta":{"footnotes":""},"class_list":["post-3352","page","type-page","status-publish","hentry"],"_links":{"self":[{"href":"https:\/\/educacionsinfronteras.com.pe\/index.php\/wp-json\/wp\/v2\/pages\/3352","targetHints":{"allow":["GET"]}}],"collection":[{"href":"https:\/\/educacionsinfronteras.com.pe\/index.php\/wp-json\/wp\/v2\/pages"}],"about":[{"href":"https:\/\/educacionsinfronteras.com.pe\/index.php\/wp-json\/wp\/v2\/types\/page"}],"author":[{"embeddable":true,"href":"https:\/\/educacionsinfronteras.com.pe\/index.php\/wp-json\/wp\/v2\/users\/1"}],"replies":[{"embeddable":true,"href":"https:\/\/educacionsinfronteras.com.pe\/index.php\/wp-json\/wp\/v2\/comments?post=3352"}],"version-history":[{"count":7,"href":"https:\/\/educacionsinfronteras.com.pe\/index.php\/wp-json\/wp\/v2\/pages\/3352\/revisions"}],"predecessor-version":[{"id":3362,"href":"https:\/\/educacionsinfronteras.com.pe\/index.php\/wp-json\/wp\/v2\/pages\/3352\/revisions\/3362"}],"wp:attachment":[{"href":"https:\/\/educacionsinfronteras.com.pe\/index.php\/wp-json\/wp\/v2\/media?parent=3352"}],"curies":[{"name":"wp","href":"https:\/\/api.w.org\/{rel}","templated":true}]}}