{"id":3279,"date":"2025-10-07T19:55:01","date_gmt":"2025-10-07T19:55:01","guid":{"rendered":"https:\/\/educacionsinfronteras.com.pe\/?page_id=3279"},"modified":"2025-10-07T19:59:49","modified_gmt":"2025-10-07T19:59:49","slug":"certificacion-internacional-lean-six-sigma-yellow-belt-ssyb","status":"publish","type":"page","link":"https:\/\/educacionsinfronteras.com.pe\/index.php\/certificacion-internacional-lean-six-sigma-yellow-belt-ssyb\/","title":{"rendered":"Certificacion Internacional Lean Six Sigma Yellow Belt (SSYB)"},"content":{"rendered":"\t\t<div data-elementor-type=\"wp-page\" data-elementor-id=\"3279\" class=\"elementor elementor-3279\">\n\t\t\t\t\t\t<section class=\"elementor-section elementor-top-section elementor-element elementor-element-2784cf1 elementor-reverse-tablet elementor-reverse-mobile elementor-section-boxed elementor-section-height-default elementor-section-height-default\" data-id=\"2784cf1\" data-element_type=\"section\">\n\t\t\t\t\t\t<div class=\"elementor-container elementor-column-gap-extended\">\n\t\t\t\t\t<div class=\"elementor-column elementor-col-50 elementor-top-column elementor-element elementor-element-6b0b1f4 ot-flex-column-vertical\" data-id=\"6b0b1f4\" data-element_type=\"column\">\n\t\t\t<div class=\"elementor-widget-wrap elementor-element-populated\">\n\t\t\t\t\t\t<div class=\"elementor-element elementor-element-6191f05 elementor-widget elementor-widget-image\" data-id=\"6191f05\" data-element_type=\"widget\" data-widget_type=\"image.default\">\n\t\t\t\t\t\t\t\t\t\t\t\t\t\t\t<img fetchpriority=\"high\" decoding=\"async\" width=\"1920\" height=\"600\" src=\"https:\/\/educacionsinfronteras.com.pe\/wp-content\/uploads\/2020\/09\/bg1-service-grid-2.jpg\" class=\"attachment-full size-full wp-image-907\" alt=\"\" srcset=\"https:\/\/educacionsinfronteras.com.pe\/wp-content\/uploads\/2020\/09\/bg1-service-grid-2.jpg 1920w, https:\/\/educacionsinfronteras.com.pe\/wp-content\/uploads\/2020\/09\/bg1-service-grid-2-300x94.jpg 300w, https:\/\/educacionsinfronteras.com.pe\/wp-content\/uploads\/2020\/09\/bg1-service-grid-2-1024x320.jpg 1024w, https:\/\/educacionsinfronteras.com.pe\/wp-content\/uploads\/2020\/09\/bg1-service-grid-2-768x240.jpg 768w, https:\/\/educacionsinfronteras.com.pe\/wp-content\/uploads\/2020\/09\/bg1-service-grid-2-1536x480.jpg 1536w\" sizes=\"(max-width: 1920px) 100vw, 1920px\" \/>\t\t\t\t\t\t\t\t\t\t\t\t\t\t\t<\/div>\n\t\t\t\t<div class=\"elementor-element elementor-element-fa0c07e elementor-widget elementor-widget-heading\" data-id=\"fa0c07e\" data-element_type=\"widget\" data-widget_type=\"heading.default\">\n\t\t\t\t\t<h3 class=\"elementor-heading-title elementor-size-default\">El primer paso hacia la excelencia operativa y la mejora continua.<\/h3>\t\t\t\t<\/div>\n\t\t\t\t<div class=\"elementor-element elementor-element-508a439 elementor-widget elementor-widget-text-editor\" data-id=\"508a439\" data-element_type=\"widget\" data-widget_type=\"text-editor.default\">\n\t\t\t\t\t\t\t\t\t<p data-start=\"638\" data-end=\"829\">Descubre c\u00f3mo optimizar procesos, reducir desperdicios y tomar decisiones basadas en datos.<br data-start=\"729\" data-end=\"732\" \/>Convi\u00e9rtete en un <strong data-start=\"750\" data-end=\"829\">profesional capaz de mejorar la productividad y calidad en tu organizaci\u00f3n.<\/strong><\/p><hr data-start=\"831\" data-end=\"834\" \/><h5 data-start=\"836\" data-end=\"879\">\ud83d\udd39 <strong data-start=\"843\" data-end=\"879\">\u00bfPor qu\u00e9 estudiar este programa?<\/strong><\/h5><ul data-start=\"880\" data-end=\"1340\"><li data-start=\"880\" data-end=\"972\"><p data-start=\"882\" data-end=\"972\">Aprende los principios esenciales de <strong data-start=\"919\" data-end=\"939\">Lean y Six Sigma<\/strong> de manera pr\u00e1ctica y sencilla.<\/p><\/li><li data-start=\"973\" data-end=\"1052\"><p data-start=\"975\" data-end=\"1052\">Identifica y elimina desperdicios en procesos reales de tu entorno laboral.<\/p><\/li><li data-start=\"1053\" data-end=\"1141\"><p data-start=\"1055\" data-end=\"1141\">Desarrolla habilidades para la mejora continua y la toma de decisiones estrat\u00e9gicas.<\/p><\/li><li data-start=\"1142\" data-end=\"1242\"><p data-start=\"1144\" data-end=\"1242\">Accede a un curso <strong data-start=\"1162\" data-end=\"1177\">100% online<\/strong>, con <strong data-start=\"1183\" data-end=\"1214\">certificaci\u00f3n internacional<\/strong> y <strong data-start=\"1217\" data-end=\"1240\">validez curricular.<\/strong><\/p><\/li><li data-start=\"1243\" data-end=\"1340\"><p data-start=\"1245\" data-end=\"1340\">Ideal para profesionales, supervisores y l\u00edderes que buscan destacarse en eficiencia y gesti\u00f3n.<\/p><\/li><\/ul><hr data-start=\"1342\" data-end=\"1345\" \/><h5 data-start=\"1347\" data-end=\"1374\">\ud83d\udd39 <strong data-start=\"1354\" data-end=\"1374\">\u00bfQu\u00e9 aprender\u00e1s?<\/strong><\/h5><ul data-start=\"1375\" data-end=\"1721\"><li data-start=\"1375\" data-end=\"1411\"><p data-start=\"1377\" data-end=\"1411\">Fundamentos de Lean y Six Sigma.<\/p><\/li><li data-start=\"1412\" data-end=\"1473\"><p data-start=\"1414\" data-end=\"1473\">Eliminaci\u00f3n de desperdicios y mejora de la productividad.<\/p><\/li><li data-start=\"1474\" data-end=\"1557\"><p data-start=\"1476\" data-end=\"1557\">Aplicaci\u00f3n del ciclo <strong data-start=\"1497\" data-end=\"1506\">DMAIC<\/strong> (Definir, Medir, Analizar, Mejorar y Controlar).<\/p><\/li><li data-start=\"1558\" data-end=\"1639\"><p data-start=\"1560\" data-end=\"1639\">Uso de herramientas pr\u00e1cticas para detectar y resolver problemas de procesos.<\/p><\/li><li data-start=\"1640\" data-end=\"1721\"><p data-start=\"1642\" data-end=\"1721\">Implementaci\u00f3n de mejoras r\u00e1pidas con impacto real en resultados empresariales.<\/p><\/li><\/ul><p>Our team of global experts help you achieve sustainable, organic growth by focusing on three critical building blocks: an outside-in approach that puts customers first, a uniquely great customer experience and internal capabilities that ensure you deliver optimal customer interactions at every touchpoint.<\/p>\t\t\t\t\t\t\t\t<\/div>\n\t\t\t\t<section class=\"elementor-section elementor-inner-section elementor-element elementor-element-eb8a5b2 elementor-section-boxed elementor-section-height-default elementor-section-height-default\" data-id=\"eb8a5b2\" data-element_type=\"section\" data-settings=\"{&quot;background_background&quot;:&quot;classic&quot;}\">\n\t\t\t\t\t\t<div class=\"elementor-container elementor-column-gap-default\">\n\t\t\t\t\t<div class=\"elementor-column elementor-col-100 elementor-inner-column elementor-element elementor-element-6315c9f ot-flex-column-vertical\" data-id=\"6315c9f\" data-element_type=\"column\">\n\t\t\t<div class=\"elementor-widget-wrap elementor-element-populated\">\n\t\t\t\t\t\t<div class=\"elementor-element elementor-element-4d6ddf8 section-baner elementor-widget elementor-widget-text-editor\" data-id=\"4d6ddf8\" data-element_type=\"widget\" data-widget_type=\"text-editor.default\">\n\t\t\t\t\t\t\t\t\t<h3>Inscr\u00edbete hoy y da el primer paso hacia tu certificaci\u00f3n internacional.<\/h3><p>Aprende desde cualquier lugar y obt\u00e9n tu certificado con valor curricular.<\/p>\t\t\t\t\t\t\t\t<\/div>\n\t\t\t\t\t<\/div>\n\t\t<\/div>\n\t\t\t\t\t<\/div>\n\t\t<\/section>\n\t\t\t\t<div class=\"elementor-element elementor-element-8083fb5 elementor-widget elementor-widget-heading\" data-id=\"8083fb5\" data-element_type=\"widget\" data-widget_type=\"heading.default\">\n\t\t\t\t\t<h4 class=\"elementor-heading-title elementor-size-default\">Transforma tu forma de trabajar.<\/h4>\t\t\t\t<\/div>\n\t\t\t\t<div class=\"elementor-element elementor-element-ddfb0e2 elementor-widget elementor-widget-text-editor\" data-id=\"ddfb0e2\" data-element_type=\"widget\" data-widget_type=\"text-editor.default\">\n\t\t\t\t\t\t\t\t\t<p>Con Educaci\u00f3n Sin Fronteras, el conocimiento no tiene l\u00edmites.<\/p>\t\t\t\t\t\t\t\t<\/div>\n\t\t\t\t\t<\/div>\n\t\t<\/div>\n\t\t\t\t<div class=\"elementor-column elementor-col-50 elementor-top-column elementor-element elementor-element-66d8a4c ot-flex-column-vertical\" data-id=\"66d8a4c\" data-element_type=\"column\">\n\t\t\t<div class=\"elementor-widget-wrap elementor-element-populated\">\n\t\t\t\t\t\t<div class=\"elementor-element elementor-element-6f19085 elementor-widget elementor-widget-heading\" data-id=\"6f19085\" data-element_type=\"widget\" data-widget_type=\"heading.default\">\n\t\t\t\t\t<h5 class=\"elementor-heading-title elementor-size-default\">Cont\u00e1ctanos<\/h5>\t\t\t\t<\/div>\n\t\t\t\t<section class=\"elementor-section elementor-inner-section elementor-element elementor-element-2d46fdb elementor-section-full_width elementor-section-height-default elementor-section-height-default\" data-id=\"2d46fdb\" data-element_type=\"section\">\n\t\t\t\t\t\t<div class=\"elementor-container elementor-column-gap-no\">\n\t\t\t\t\t<div class=\"elementor-column elementor-col-50 elementor-inner-column elementor-element elementor-element-d5f2cb2 ot-flex-column-vertical\" data-id=\"d5f2cb2\" data-element_type=\"column\">\n\t\t\t<div class=\"elementor-widget-wrap elementor-element-populated\">\n\t\t\t\t\t\t<div class=\"elementor-element elementor-element-6e86112 widget-title elementor-widget-divider--view-line elementor-widget elementor-widget-divider\" data-id=\"6e86112\" data-element_type=\"widget\" data-widget_type=\"divider.default\">\n\t\t\t\t\t\t\t<div class=\"elementor-divider\">\n\t\t\t<span class=\"elementor-divider-separator\">\n\t\t\t\t\t\t<\/span>\n\t\t<\/div>\n\t\t\t\t\t\t<\/div>\n\t\t\t\t\t<\/div>\n\t\t<\/div>\n\t\t\t\t<div class=\"elementor-column elementor-col-50 elementor-inner-column elementor-element elementor-element-6c1bc64 ot-flex-column-vertical\" data-id=\"6c1bc64\" data-element_type=\"column\">\n\t\t\t<div class=\"elementor-widget-wrap elementor-element-populated\">\n\t\t\t\t\t\t<div class=\"elementor-element elementor-element-b727cfc elementor-widget-divider--view-line elementor-widget elementor-widget-divider\" data-id=\"b727cfc\" data-element_type=\"widget\" data-widget_type=\"divider.default\">\n\t\t\t\t\t\t\t<div class=\"elementor-divider\">\n\t\t\t<span class=\"elementor-divider-separator\">\n\t\t\t\t\t\t<\/span>\n\t\t<\/div>\n\t\t\t\t\t\t<\/div>\n\t\t\t\t\t<\/div>\n\t\t<\/div>\n\t\t\t\t\t<\/div>\n\t\t<\/section>\n\t\t\t\t<div class=\"elementor-element elementor-element-49fcb72 elementor-position-left elementor-view-default elementor-mobile-position-top elementor-widget elementor-widget-icon-box\" data-id=\"49fcb72\" data-element_type=\"widget\" data-widget_type=\"icon-box.default\">\n\t\t\t\t\t\t\t<div class=\"elementor-icon-box-wrapper\">\n\n\t\t\t\t\t\t<div class=\"elementor-icon-box-icon\">\n\t\t\t\t<span  class=\"elementor-icon\">\n\t\t\t\t<svg xmlns=\"http:\/\/www.w3.org\/2000\/svg\" xmlns:xlink=\"http:\/\/www.w3.org\/1999\/xlink\" x=\"0px\" y=\"0px\" viewBox=\"0 0 512 512\" style=\"enable-background:new 0 0 512 512;\" xml:space=\"preserve\"><g>\t<g>\t\t<path d=\"M256,0C150.125,0,64,86.135,64,192c0,141.646,177.146,310,184.688,317.104C250.75,511.031,253.375,512,256,512   s5.25-0.969,7.313-2.896C270.854,502,448,333.646,448,192C448,86.135,361.875,0,256,0z M256,298.667   c-58.813,0-106.667-47.854-106.667-106.667S197.188,85.333,256,85.333S362.667,133.188,362.667,192S314.813,298.667,256,298.667z\"><\/path>\t<\/g><\/g><\/svg>\t\t\t\t<\/span>\n\t\t\t<\/div>\n\t\t\t\n\t\t\t\t\t\t<div class=\"elementor-icon-box-content\">\n\n\t\t\t\t\t\t\t\t\t<h6 class=\"elementor-icon-box-title\">\n\t\t\t\t\t\t<span  >\n\t\t\t\t\t\t\tUbicanos\t\t\t\t\t\t<\/span>\n\t\t\t\t\t<\/h6>\n\t\t\t\t\n\t\t\t\t\t\t\t\t\t<p class=\"elementor-icon-box-description\">\n\t\t\t\t\t\tAv. Larco 880 of 703, Miraflores \t\t\t\t\t<\/p>\n\t\t\t\t\n\t\t\t<\/div>\n\t\t\t\n\t\t<\/div>\n\t\t\t\t\t\t<\/div>\n\t\t\t\t<div class=\"elementor-element elementor-element-52b73d5 elementor-position-left elementor-view-default elementor-mobile-position-top elementor-widget elementor-widget-icon-box\" data-id=\"52b73d5\" data-element_type=\"widget\" data-widget_type=\"icon-box.default\">\n\t\t\t\t\t\t\t<div class=\"elementor-icon-box-wrapper\">\n\n\t\t\t\t\t\t<div class=\"elementor-icon-box-icon\">\n\t\t\t\t<a href=\"tel:+1-800-456-478-23\" class=\"elementor-icon\" tabindex=\"-1\" aria-label=\"\u00bfListo para Comenzar? \">\n\t\t\t\t<svg xmlns=\"http:\/\/www.w3.org\/2000\/svg\" xmlns:xlink=\"http:\/\/www.w3.org\/1999\/xlink\" x=\"0px\" y=\"0px\" viewBox=\"0 0 384 384\" style=\"enable-background:new 0 0 384 384;\" xml:space=\"preserve\"><g>\t<g>\t\t<path d=\"M353.188,252.052c-23.51,0-46.594-3.677-68.469-10.906c-10.719-3.656-23.896-0.302-30.438,6.417l-43.177,32.594   c-50.073-26.729-80.917-57.563-107.281-107.26l31.635-42.052c8.219-8.208,11.167-20.198,7.635-31.448   c-7.26-21.99-10.948-45.063-10.948-68.583C132.146,13.823,118.323,0,101.333,0H30.813C13.823,0,0,13.823,0,30.813   C0,225.563,158.438,384,353.188,384c16.99,0,30.813-13.823,30.813-30.813v-70.323C384,265.875,370.177,252.052,353.188,252.052z\"><\/path>\t<\/g><\/g><\/svg>\t\t\t\t<\/a>\n\t\t\t<\/div>\n\t\t\t\n\t\t\t\t\t\t<div class=\"elementor-icon-box-content\">\n\n\t\t\t\t\t\t\t\t\t<h6 class=\"elementor-icon-box-title\">\n\t\t\t\t\t\t<a href=\"tel:+1-800-456-478-23\" >\n\t\t\t\t\t\t\t\u00bfListo para Comenzar? \t\t\t\t\t\t<\/a>\n\t\t\t\t\t<\/h6>\n\t\t\t\t\n\t\t\t\t\t\t\t\t\t<p class=\"elementor-icon-box-description\">\n\t\t\t\t\t\t+51 942 071 702 \n\t\t\t\t\t<\/p>\n\t\t\t\t\n\t\t\t<\/div>\n\t\t\t\n\t\t<\/div>\n\t\t\t\t\t\t<\/div>\n\t\t\t\t<div class=\"elementor-element elementor-element-4307bab elementor-position-left elementor-view-default elementor-mobile-position-top elementor-widget elementor-widget-icon-box\" data-id=\"4307bab\" data-element_type=\"widget\" data-widget_type=\"icon-box.default\">\n\t\t\t\t\t\t\t<div class=\"elementor-icon-box-wrapper\">\n\n\t\t\t\t\t\t<div class=\"elementor-icon-box-icon\">\n\t\t\t\t<a href=\"mailto:maxbizz@mail.com\" class=\"elementor-icon\" tabindex=\"-1\" aria-label=\"Escribenos\">\n\t\t\t\t<svg xmlns=\"http:\/\/www.w3.org\/2000\/svg\" viewBox=\"0 0 24 24\"><path d=\"m8.75 17.612v4.638c0 .324.208.611.516.713.077.025.156.037.234.037.234 0 .46-.11.604-.306l2.713-3.692z\"><\/path><path d=\"m23.685.139c-.23-.163-.532-.185-.782-.054l-22.5 11.75c-.266.139-.423.423-.401.722.023.3.222.556.505.653l6.255 2.138 13.321-11.39-10.308 12.419 10.483 3.583c.078.026.16.04.242.04.136 0 .271-.037.39-.109.19-.116.319-.311.352-.53l2.75-18.5c.041-.28-.077-.558-.307-.722z\"><\/path><\/svg>\t\t\t\t<\/a>\n\t\t\t<\/div>\n\t\t\t\n\t\t\t\t\t\t<div class=\"elementor-icon-box-content\">\n\n\t\t\t\t\t\t\t\t\t<h6 class=\"elementor-icon-box-title\">\n\t\t\t\t\t\t<a href=\"mailto:maxbizz@mail.com\" >\n\t\t\t\t\t\t\tEscribenos\t\t\t\t\t\t<\/a>\n\t\t\t\t\t<\/h6>\n\t\t\t\t\n\t\t\t\t\t\t\t\t\t<p class=\"elementor-icon-box-description\">\n\t\t\t\t\t\tinfo@educacionsinfronteras.com.pe\t\t\t\t\t<\/p>\n\t\t\t\t\n\t\t\t<\/div>\n\t\t\t\n\t\t<\/div>\n\t\t\t\t\t\t<\/div>\n\t\t\t\t\t<\/div>\n\t\t<\/div>\n\t\t\t\t\t<\/div>\n\t\t<\/section>\n\t\t\t\t<section class=\"elementor-section elementor-top-section elementor-element elementor-element-6b3ac15 elementor-section-boxed elementor-section-height-default elementor-section-height-default\" data-id=\"6b3ac15\" data-element_type=\"section\">\n\t\t\t\t\t\t<div class=\"elementor-container elementor-column-gap-default\">\n\t\t\t\t\t<div class=\"elementor-column elementor-col-100 elementor-top-column elementor-element elementor-element-942c291 ot-flex-column-vertical\" data-id=\"942c291\" data-element_type=\"column\">\n\t\t\t<div class=\"elementor-widget-wrap elementor-element-populated\">\n\t\t\t\t\t\t<section class=\"elementor-section elementor-inner-section elementor-element elementor-element-7f1a890 elementor-section-content-middle elementor-section-boxed elementor-section-height-default elementor-section-height-default\" data-id=\"7f1a890\" data-element_type=\"section\" data-settings=\"{&quot;background_background&quot;:&quot;classic&quot;}\">\n\t\t\t\t\t\t<div class=\"elementor-container elementor-column-gap-default\">\n\t\t\t\t\t<div class=\"elementor-column elementor-col-50 elementor-inner-column elementor-element elementor-element-6612371 ot-flex-column-vertical\" data-id=\"6612371\" data-element_type=\"column\">\n\t\t\t<div class=\"elementor-widget-wrap elementor-element-populated\">\n\t\t\t\t\t\t<div class=\"elementor-element elementor-element-ea8d29e elementor-widget elementor-widget-heading\" data-id=\"ea8d29e\" data-element_type=\"widget\" data-widget_type=\"heading.default\">\n\t\t\t\t\t<h4 class=\"elementor-heading-title elementor-size-default\">Inscr\u00edbete hoy<\/h4>\t\t\t\t<\/div>\n\t\t\t\t\t<\/div>\n\t\t<\/div>\n\t\t\t\t<div class=\"elementor-column elementor-col-50 elementor-inner-column elementor-element elementor-element-ad74664 ot-flex-column-vertical\" data-id=\"ad74664\" data-element_type=\"column\">\n\t\t\t<div class=\"elementor-widget-wrap elementor-element-populated\">\n\t\t\t\t\t\t<div class=\"elementor-element elementor-element-a91c19d elementor-widget elementor-widget-ictf7\" data-id=\"a91c19d\" data-element_type=\"widget\" data-widget_type=\"ictf7.default\">\n\t\t\t\t<div class=\"elementor-widget-container\">\n\t\t\t\t\t<div class=\"elementor-shortcode maxbizz-cf7-0\">\n<div class=\"wpcf7 no-js\" id=\"wpcf7-f2898-o1\" lang=\"en-US\" dir=\"ltr\" data-wpcf7-id=\"2898\">\n<div class=\"screen-reader-response\"><p role=\"status\" aria-live=\"polite\" aria-atomic=\"true\"><\/p> <ul><\/ul><\/div>\n<form action=\"\/index.php\/wp-json\/wp\/v2\/pages\/3279#wpcf7-f2898-o1\" method=\"post\" class=\"wpcf7-form init\" aria-label=\"Contact form\" novalidate=\"novalidate\" data-status=\"init\">\n<fieldset class=\"hidden-fields-container\"><input type=\"hidden\" name=\"_wpcf7\" value=\"2898\" \/><input type=\"hidden\" name=\"_wpcf7_version\" value=\"6.1.1\" \/><input type=\"hidden\" name=\"_wpcf7_locale\" value=\"en_US\" \/><input type=\"hidden\" name=\"_wpcf7_unit_tag\" value=\"wpcf7-f2898-o1\" \/><input type=\"hidden\" name=\"_wpcf7_container_post\" value=\"0\" \/><input type=\"hidden\" name=\"_wpcf7_posted_data_hash\" value=\"\" \/>\n<\/fieldset>\n<div class=\"team-form flex-middle\">\n\t<p><span class=\"wpcf7-form-control-wrap\" data-name=\"your-name\"><input size=\"40\" maxlength=\"400\" class=\"wpcf7-form-control wpcf7-text wpcf7-validates-as-required\" aria-required=\"true\" aria-invalid=\"false\" placeholder=\"Nombre *\" value=\"\" type=\"text\" name=\"your-name\" \/><\/span><br \/>\n<span class=\"wpcf7-form-control-wrap\" data-name=\"your-email\"><input size=\"40\" maxlength=\"400\" class=\"wpcf7-form-control wpcf7-email wpcf7-validates-as-required wpcf7-text wpcf7-validates-as-email\" aria-required=\"true\" aria-invalid=\"false\" placeholder=\"Correo *\" value=\"\" type=\"email\" name=\"your-email\" \/><\/span><br \/>\n<button type=\"submit\" class=\"octf-btn\">Registrate Ahora<\/button>\n\t<\/p>\n<\/div><p style=\"display: none !important;\" class=\"akismet-fields-container\" data-prefix=\"_wpcf7_ak_\"><label>&#916;<textarea name=\"_wpcf7_ak_hp_textarea\" cols=\"45\" rows=\"8\" maxlength=\"100\"><\/textarea><\/label><input type=\"hidden\" id=\"ak_js_1\" name=\"_wpcf7_ak_js\" value=\"120\"\/><script>document.getElementById( \"ak_js_1\" ).setAttribute( \"value\", ( new Date() ).getTime() );<\/script><\/p><div class=\"wpcf7-response-output\" aria-hidden=\"true\"><\/div>\n<\/form>\n<\/div>\n<\/div>\t\t\t\t<\/div>\n\t\t\t\t<\/div>\n\t\t\t\t\t<\/div>\n\t\t<\/div>\n\t\t\t\t\t<\/div>\n\t\t<\/section>\n\t\t\t\t\t<\/div>\n\t\t<\/div>\n\t\t\t\t\t<\/div>\n\t\t<\/section>\n\t\t\t\t<\/div>\n\t\t","protected":false},"excerpt":{"rendered":"<p>El primer paso hacia la excelencia operativa y la mejora continua. Descubre c\u00f3mo optimizar procesos, reducir desperdicios y tomar decisiones basadas en datos.Convi\u00e9rtete en un profesional capaz de mejorar la productividad y calidad en tu organizaci\u00f3n. \ud83d\udd39 \u00bfPor qu\u00e9 estudiar este programa? Aprende los principios esenciales de Lean y Six Sigma de manera pr\u00e1ctica y [&hellip;]<\/p>\n","protected":false},"author":1,"featured_media":0,"parent":0,"menu_order":0,"comment_status":"closed","ping_status":"closed","template":"","meta":{"footnotes":""},"class_list":["post-3279","page","type-page","status-publish","hentry"],"_links":{"self":[{"href":"https:\/\/educacionsinfronteras.com.pe\/index.php\/wp-json\/wp\/v2\/pages\/3279","targetHints":{"allow":["GET"]}}],"collection":[{"href":"https:\/\/educacionsinfronteras.com.pe\/index.php\/wp-json\/wp\/v2\/pages"}],"about":[{"href":"https:\/\/educacionsinfronteras.com.pe\/index.php\/wp-json\/wp\/v2\/types\/page"}],"author":[{"embeddable":true,"href":"https:\/\/educacionsinfronteras.com.pe\/index.php\/wp-json\/wp\/v2\/users\/1"}],"replies":[{"embeddable":true,"href":"https:\/\/educacionsinfronteras.com.pe\/index.php\/wp-json\/wp\/v2\/comments?post=3279"}],"version-history":[{"count":5,"href":"https:\/\/educacionsinfronteras.com.pe\/index.php\/wp-json\/wp\/v2\/pages\/3279\/revisions"}],"predecessor-version":[{"id":3285,"href":"https:\/\/educacionsinfronteras.com.pe\/index.php\/wp-json\/wp\/v2\/pages\/3279\/revisions\/3285"}],"wp:attachment":[{"href":"https:\/\/educacionsinfronteras.com.pe\/index.php\/wp-json\/wp\/v2\/media?parent=3279"}],"curies":[{"name":"wp","href":"https:\/\/api.w.org\/{rel}","templated":true}]}}