{"id":3261,"date":"2025-10-07T17:11:08","date_gmt":"2025-10-07T17:11:08","guid":{"rendered":"https:\/\/educacionsinfronteras.com.pe\/?page_id=3261"},"modified":"2025-10-11T17:23:01","modified_gmt":"2025-10-11T17:23:01","slug":"director-de-operaciones","status":"publish","type":"page","link":"https:\/\/educacionsinfronteras.com.pe\/index.php\/director-de-operaciones\/","title":{"rendered":"Director de Operaciones"},"content":{"rendered":"\t\t<div data-elementor-type=\"wp-page\" data-elementor-id=\"3261\" class=\"elementor elementor-3261\">\n\t\t\t\t\t\t<section class=\"elementor-section elementor-top-section elementor-element elementor-element-b501399 elementor-section-boxed elementor-section-height-default elementor-section-height-default\" data-id=\"b501399\" data-element_type=\"section\">\n\t\t\t\t\t\t<div class=\"elementor-container elementor-column-gap-extended\">\n\t\t\t\t\t<div class=\"elementor-column elementor-col-100 elementor-top-column elementor-element elementor-element-6365e43 ot-flex-column-vertical\" data-id=\"6365e43\" data-element_type=\"column\">\n\t\t\t<div class=\"elementor-widget-wrap elementor-element-populated\">\n\t\t\t\t\t\t<section class=\"elementor-section elementor-inner-section elementor-element elementor-element-4b4c82c elementor-section-full_width elementor-section-content-middle elementor-section-height-default elementor-section-height-default\" data-id=\"4b4c82c\" data-element_type=\"section\">\n\t\t\t\t\t\t<div class=\"elementor-container elementor-column-gap-extended\">\n\t\t\t\t\t<div class=\"elementor-column elementor-col-50 elementor-inner-column elementor-element elementor-element-fcac4d4 ot-column-items-top ot-flex-column-vertical\" data-id=\"fcac4d4\" data-element_type=\"column\">\n\t\t\t<div class=\"elementor-widget-wrap elementor-element-populated\">\n\t\t\t\t\t\t<div class=\"elementor-element elementor-element-98f528e elementor-widget elementor-widget-image\" data-id=\"98f528e\" data-element_type=\"widget\" data-widget_type=\"image.default\">\n\t\t\t\t\t\t\t\t\t\t\t\t\t\t\t<img fetchpriority=\"high\" decoding=\"async\" width=\"1024\" height=\"1024\" src=\"https:\/\/educacionsinfronteras.com.pe\/wp-content\/uploads\/2025\/10\/1p.png\" class=\"attachment-full size-full wp-image-3336\" alt=\"\" srcset=\"https:\/\/educacionsinfronteras.com.pe\/wp-content\/uploads\/2025\/10\/1p.png 1024w, https:\/\/educacionsinfronteras.com.pe\/wp-content\/uploads\/2025\/10\/1p-300x300.png 300w, https:\/\/educacionsinfronteras.com.pe\/wp-content\/uploads\/2025\/10\/1p-150x150.png 150w, https:\/\/educacionsinfronteras.com.pe\/wp-content\/uploads\/2025\/10\/1p-768x768.png 768w, https:\/\/educacionsinfronteras.com.pe\/wp-content\/uploads\/2025\/10\/1p-600x600.png 600w\" sizes=\"(max-width: 1024px) 100vw, 1024px\" \/>\t\t\t\t\t\t\t\t\t\t\t\t\t\t\t<\/div>\n\t\t\t\t\t<\/div>\n\t\t<\/div>\n\t\t\t\t<div class=\"elementor-column elementor-col-50 elementor-inner-column elementor-element elementor-element-1070f44 ot-flex-column-vertical\" data-id=\"1070f44\" data-element_type=\"column\">\n\t\t\t<div class=\"elementor-widget-wrap elementor-element-populated\">\n\t\t\t\t\t\t<div class=\"elementor-element elementor-element-bfb6219 elementor-widget elementor-widget-heading\" data-id=\"bfb6219\" data-element_type=\"widget\" data-widget_type=\"heading.default\">\n\t\t\t\t\t<h3 class=\"elementor-heading-title elementor-size-default\"><em>Sandro Ramirez Mendoza <\/em><\/h3>\t\t\t\t<\/div>\n\t\t\t\t<div class=\"elementor-element elementor-element-77b067d elementor-widget elementor-widget-heading\" data-id=\"77b067d\" data-element_type=\"widget\" data-widget_type=\"heading.default\">\n\t\t\t\t\t<h6 class=\"elementor-heading-title elementor-size-default\">Director de Operaciones<\/h6>\t\t\t\t<\/div>\n\t\t\t\t<div class=\"elementor-element elementor-element-e4d0805 elementor-widget elementor-widget-text-editor\" data-id=\"e4d0805\" data-element_type=\"widget\" data-widget_type=\"text-editor.default\">\n\t\t\t\t\t\t\t\t\t<p>Especialista en <strong>gesti\u00f3n integral de instituciones educativas<\/strong> con m\u00e1s de 15 a\u00f1os de experiencia en direcci\u00f3n comercial y acad\u00e9mica en reconocidas universidades y escuelas de negocios.<\/p><ul><li>Ha liderado procesos de admisi\u00f3n y expansi\u00f3n en instituciones como <strong>Grupo Planeta, EAE Business School y la Universidad Privada del Norte<\/strong>.<\/li><li>Reconocido por su capacidad para <strong>orientar a estudiantes y profesionales hacia programas internacionales de alto impacto<\/strong> y desarrollo de L\u00edderes en Educaci\u00f3n.<\/li><li>Amplia trayectoria conectando talento con oportunidades de formaci\u00f3n de clase mundial.<\/li><li>Laureate Education Per\u00fa.<\/li><\/ul><ul><li><strong>Especialista en estrategias de crecimiento corporativo<\/strong> y gesti\u00f3n de equipos de alto rendimiento.<\/li><li>Ha colaborado en programas internacionales de capacitaci\u00f3n, impulsando la formaci\u00f3n de l\u00edderes en distintos sectores.<\/li><li>Ha desarrollado el departamento de ventas y colaborado con la creaci\u00f3n de cursos de formaci\u00f3n continua en Universidades en Colombia y Per\u00fa.<\/li><li>Encargado del Desarrollo de Negocio de Grupo CEF.<\/li><li>Su enfoque combina visi\u00f3n estrat\u00e9gica, innovaci\u00f3n y resultados medibles para empresas y profesionales.<\/li><\/ul>\t\t\t\t\t\t\t\t<\/div>\n\t\t\t\t<div class=\"elementor-element elementor-element-1453173 elementor-grid-4 e-grid-align-left elementor-shape-rounded elementor-widget elementor-widget-social-icons\" data-id=\"1453173\" data-element_type=\"widget\" data-widget_type=\"social-icons.default\">\n\t\t\t\t\t\t\t<div class=\"elementor-social-icons-wrapper elementor-grid\" role=\"list\">\n\t\t\t\t\t\t\t<span class=\"elementor-grid-item\" role=\"listitem\">\n\t\t\t\t\t<a class=\"elementor-icon elementor-social-icon elementor-social-icon-linkedin elementor-repeater-item-049712d\" target=\"_blank\">\n\t\t\t\t\t\t<span class=\"elementor-screen-only\">Linkedin<\/span>\n\t\t\t\t\t\t<svg aria-hidden=\"true\" class=\"e-font-icon-svg e-fab-linkedin\" viewBox=\"0 0 448 512\" xmlns=\"http:\/\/www.w3.org\/2000\/svg\"><path d=\"M416 32H31.9C14.3 32 0 46.5 0 64.3v383.4C0 465.5 14.3 480 31.9 480H416c17.6 0 32-14.5 32-32.3V64.3c0-17.8-14.4-32.3-32-32.3zM135.4 416H69V202.2h66.5V416zm-33.2-243c-21.3 0-38.5-17.3-38.5-38.5S80.9 96 102.2 96c21.2 0 38.5 17.3 38.5 38.5 0 21.3-17.2 38.5-38.5 38.5zm282.1 243h-66.4V312c0-24.8-.5-56.7-34.5-56.7-34.6 0-39.9 27-39.9 54.9V416h-66.4V202.2h63.7v29.2h.9c8.9-16.8 30.6-34.5 62.9-34.5 67.2 0 79.7 44.3 79.7 101.9V416z\"><\/path><\/svg>\t\t\t\t\t<\/a>\n\t\t\t\t<\/span>\n\t\t\t\t\t\t\t<span class=\"elementor-grid-item\" role=\"listitem\">\n\t\t\t\t\t<a class=\"elementor-icon elementor-social-icon elementor-social-icon-facebook-f elementor-repeater-item-030f11b\" target=\"_blank\">\n\t\t\t\t\t\t<span class=\"elementor-screen-only\">Facebook-f<\/span>\n\t\t\t\t\t\t<svg aria-hidden=\"true\" class=\"e-font-icon-svg e-fab-facebook-f\" viewBox=\"0 0 320 512\" xmlns=\"http:\/\/www.w3.org\/2000\/svg\"><path d=\"M279.14 288l14.22-92.66h-88.91v-60.13c0-25.35 12.42-50.06 52.24-50.06h40.42V6.26S260.43 0 225.36 0c-73.22 0-121.08 44.38-121.08 124.72v70.62H22.89V288h81.39v224h100.17V288z\"><\/path><\/svg>\t\t\t\t\t<\/a>\n\t\t\t\t<\/span>\n\t\t\t\t\t<\/div>\n\t\t\t\t\t\t<\/div>\n\t\t\t\t\t<\/div>\n\t\t<\/div>\n\t\t\t\t\t<\/div>\n\t\t<\/section>\n\t\t\t\t<div class=\"elementor-element elementor-element-ef6bdc8 elementor-widget elementor-widget-text-editor\" data-id=\"ef6bdc8\" data-element_type=\"widget\" data-widget_type=\"text-editor.default\">\n\t\t\t\t\t\t\t\t\t<p>\u00a0<\/p><p style=\"text-align: center;\"><em>Con Sandro Ramirez, cada alumno encuentra un camino claro para crecer, desarrollarse y certificar su futuro profesional.<\/em><\/p>\t\t\t\t\t\t\t\t<\/div>\n\t\t\t\t\t<\/div>\n\t\t<\/div>\n\t\t\t\t\t<\/div>\n\t\t<\/section>\n\t\t\t\t<\/div>\n\t\t","protected":false},"excerpt":{"rendered":"<p>Sandro Ramirez Mendoza Director de Operaciones Especialista en gesti\u00f3n integral de instituciones educativas con m\u00e1s de 15 a\u00f1os de experiencia en direcci\u00f3n comercial y acad\u00e9mica en reconocidas universidades y escuelas de negocios. Ha liderado procesos de admisi\u00f3n y expansi\u00f3n en instituciones como Grupo Planeta, EAE Business School y la Universidad Privada del Norte. Reconocido por [&hellip;]<\/p>\n","protected":false},"author":1,"featured_media":0,"parent":0,"menu_order":0,"comment_status":"closed","ping_status":"closed","template":"","meta":{"footnotes":""},"class_list":["post-3261","page","type-page","status-publish","hentry"],"_links":{"self":[{"href":"https:\/\/educacionsinfronteras.com.pe\/index.php\/wp-json\/wp\/v2\/pages\/3261","targetHints":{"allow":["GET"]}}],"collection":[{"href":"https:\/\/educacionsinfronteras.com.pe\/index.php\/wp-json\/wp\/v2\/pages"}],"about":[{"href":"https:\/\/educacionsinfronteras.com.pe\/index.php\/wp-json\/wp\/v2\/types\/page"}],"author":[{"embeddable":true,"href":"https:\/\/educacionsinfronteras.com.pe\/index.php\/wp-json\/wp\/v2\/users\/1"}],"replies":[{"embeddable":true,"href":"https:\/\/educacionsinfronteras.com.pe\/index.php\/wp-json\/wp\/v2\/comments?post=3261"}],"version-history":[{"count":10,"href":"https:\/\/educacionsinfronteras.com.pe\/index.php\/wp-json\/wp\/v2\/pages\/3261\/revisions"}],"predecessor-version":[{"id":3342,"href":"https:\/\/educacionsinfronteras.com.pe\/index.php\/wp-json\/wp\/v2\/pages\/3261\/revisions\/3342"}],"wp:attachment":[{"href":"https:\/\/educacionsinfronteras.com.pe\/index.php\/wp-json\/wp\/v2\/media?parent=3261"}],"curies":[{"name":"wp","href":"https:\/\/api.w.org\/{rel}","templated":true}]}}