{"id":3220,"date":"2025-10-05T22:59:02","date_gmt":"2025-10-05T22:59:02","guid":{"rendered":"https:\/\/educacionsinfronteras.com.pe\/?page_id=3220"},"modified":"2025-10-11T17:11:26","modified_gmt":"2025-10-11T17:11:26","slug":"empresas-y-alianzas","status":"publish","type":"page","link":"https:\/\/educacionsinfronteras.com.pe\/index.php\/empresas-y-alianzas\/","title":{"rendered":"Empresas y Alianzas"},"content":{"rendered":"\t\t<div data-elementor-type=\"wp-page\" data-elementor-id=\"3220\" class=\"elementor elementor-3220\">\n\t\t\t\t\t\t<section class=\"elementor-section elementor-top-section elementor-element elementor-element-aeaf1cb elementor-section-content-middle elementor-section-boxed elementor-section-height-default elementor-section-height-default\" data-id=\"aeaf1cb\" data-element_type=\"section\">\n\t\t\t\t\t\t<div class=\"elementor-container elementor-column-gap-extended\">\n\t\t\t\t\t<div class=\"elementor-column elementor-col-50 elementor-top-column elementor-element elementor-element-e209ac4 ot-flex-column-vertical\" data-id=\"e209ac4\" data-element_type=\"column\">\n\t\t\t<div class=\"elementor-widget-wrap elementor-element-populated\">\n\t\t\t\t\t\t<div class=\"elementor-element elementor-element-34ca8c4 elementor-widget elementor-widget-image\" data-id=\"34ca8c4\" data-element_type=\"widget\" data-widget_type=\"image.default\">\n\t\t\t\t\t\t\t\t\t\t\t\t\t\t\t<img fetchpriority=\"high\" decoding=\"async\" width=\"630\" height=\"475\" src=\"https:\/\/educacionsinfronteras.com.pe\/wp-content\/uploads\/2020\/09\/image1-about-us.jpg\" class=\"attachment-full size-full wp-image-491\" alt=\"\" srcset=\"https:\/\/educacionsinfronteras.com.pe\/wp-content\/uploads\/2020\/09\/image1-about-us.jpg 630w, https:\/\/educacionsinfronteras.com.pe\/wp-content\/uploads\/2020\/09\/image1-about-us-300x226.jpg 300w\" sizes=\"(max-width: 630px) 100vw, 630px\" \/>\t\t\t\t\t\t\t\t\t\t\t\t\t\t\t<\/div>\n\t\t\t\t\t<\/div>\n\t\t<\/div>\n\t\t\t\t<div class=\"elementor-column elementor-col-50 elementor-top-column elementor-element elementor-element-1feb286 ot-flex-column-vertical\" data-id=\"1feb286\" data-element_type=\"column\">\n\t\t\t<div class=\"elementor-widget-wrap elementor-element-populated\">\n\t\t\t\t\t\t<div class=\"elementor-element elementor-element-bb4f4ed elementor-widget elementor-widget-text-editor\" data-id=\"bb4f4ed\" data-element_type=\"widget\" data-widget_type=\"text-editor.default\">\n\t\t\t\t\t\t\t\t\t<p>Nuestros programas son reconocidos y aplicables en diversas industrias, permitiendo a profesionales y corporativos mejorar sus resultados.<\/p><p><em>\u00abLas empresas que apuestan por la capacitaci\u00f3n continua son las que logran la verdadera transformaci\u00f3n.\u00bb<\/em><\/p>\t\t\t\t\t\t\t\t<\/div>\n\t\t\t\t\t<\/div>\n\t\t<\/div>\n\t\t\t\t\t<\/div>\n\t\t<\/section>\n\t\t\t\t<section class=\"elementor-section elementor-top-section elementor-element elementor-element-6af12be elementor-section-boxed elementor-section-height-default elementor-section-height-default\" data-id=\"6af12be\" data-element_type=\"section\">\n\t\t\t\t\t\t<div class=\"elementor-container elementor-column-gap-extended\">\n\t\t\t\t\t<div class=\"elementor-column elementor-col-33 elementor-top-column elementor-element elementor-element-9865002 ot-flex-column-vertical\" data-id=\"9865002\" data-element_type=\"column\">\n\t\t\t<div class=\"elementor-widget-wrap elementor-element-populated\">\n\t\t\t\t\t\t<div class=\"elementor-element elementor-element-42b1424 elementor-widget elementor-widget-text-editor\" data-id=\"42b1424\" data-element_type=\"widget\" data-widget_type=\"text-editor.default\">\n\t\t\t\t\t\t\t\t\t<p style=\"text-align: center;\">Transformamos la educaci\u00f3n latinoamericana mediante tecnolog\u00eda y desarrollo humano para potenciar tu impacto.<\/p><p><img decoding=\"async\" class=\"alignnone size-full wp-image-3323 aligncenter\" src=\"https:\/\/educacionsinfronteras.com.pe\/wp-content\/uploads\/2025\/10\/1-2.png\" alt=\"\" width=\"211\" height=\"73\" \/><\/p>\t\t\t\t\t\t\t\t<\/div>\n\t\t\t\t\t<\/div>\n\t\t<\/div>\n\t\t\t\t<div class=\"elementor-column elementor-col-33 elementor-top-column elementor-element elementor-element-63aa86d ot-flex-column-vertical\" data-id=\"63aa86d\" data-element_type=\"column\">\n\t\t\t<div class=\"elementor-widget-wrap elementor-element-populated\">\n\t\t\t\t\t\t<div class=\"elementor-element elementor-element-032c239 elementor-widget elementor-widget-text-editor\" data-id=\"032c239\" data-element_type=\"widget\" data-widget_type=\"text-editor.default\">\n\t\t\t\t\t\t\t\t\t<p style=\"text-align: center;\">Universidad Tecmilenio, instituci\u00f3n l\u00edder en M\u00e9xico, impulsa el aprendizaje innovador, el bienestar y el desarrollo profesional con visi\u00f3n global.<\/p><p><img decoding=\"async\" class=\"alignnone wp-image-3324 size-full aligncenter\" src=\"https:\/\/educacionsinfronteras.com.pe\/wp-content\/uploads\/2025\/10\/1-3.png\" alt=\"\" width=\"224\" height=\"67\" \/><\/p>\t\t\t\t\t\t\t\t<\/div>\n\t\t\t\t\t<\/div>\n\t\t<\/div>\n\t\t\t\t<div class=\"elementor-column elementor-col-33 elementor-top-column elementor-element elementor-element-8c40b4f ot-flex-column-vertical\" data-id=\"8c40b4f\" data-element_type=\"column\">\n\t\t\t<div class=\"elementor-widget-wrap elementor-element-populated\">\n\t\t\t\t\t\t<div class=\"elementor-element elementor-element-cee3121 elementor-widget elementor-widget-text-editor\" data-id=\"cee3121\" data-element_type=\"widget\" data-widget_type=\"text-editor.default\">\n\t\t\t\t\t\t\t\t\t<p style=\"text-align: center;\">Gyaniss, con sede en M\u00e9xico, ofrece educaci\u00f3n ejecutiva global en ingl\u00e9s y espa\u00f1ol, enfocada en excelencia e innovaci\u00f3n.<\/p><p><img loading=\"lazy\" decoding=\"async\" class=\"alignnone wp-image-3325 size-full aligncenter\" src=\"https:\/\/educacionsinfronteras.com.pe\/wp-content\/uploads\/2025\/10\/1-1.png\" alt=\"\" width=\"264\" height=\"72\" \/><\/p>\t\t\t\t\t\t\t\t<\/div>\n\t\t\t\t\t<\/div>\n\t\t<\/div>\n\t\t\t\t\t<\/div>\n\t\t<\/section>\n\t\t\t\t<section class=\"elementor-section elementor-top-section elementor-element elementor-element-119e65b elementor-section-boxed elementor-section-height-default elementor-section-height-default\" data-id=\"119e65b\" data-element_type=\"section\">\n\t\t\t\t\t\t<div class=\"elementor-container elementor-column-gap-extended\">\n\t\t\t\t\t<div class=\"elementor-column elementor-col-25 elementor-top-column elementor-element elementor-element-1570a23 ot-flex-column-vertical\" data-id=\"1570a23\" data-element_type=\"column\">\n\t\t\t<div class=\"elementor-widget-wrap elementor-element-populated\">\n\t\t\t\t\t\t<div class=\"elementor-element elementor-element-ff46e6f elementor-widget elementor-widget-text-editor\" data-id=\"ff46e6f\" data-element_type=\"widget\" data-widget_type=\"text-editor.default\">\n\t\t\t\t\t\t\t\t\t<p style=\"text-align: center;\">Educaci\u00f3n <strong>accesible<\/strong><br \/>con precios m\u00f3dicos<\/p>\t\t\t\t\t\t\t\t<\/div>\n\t\t\t\t\t<\/div>\n\t\t<\/div>\n\t\t\t\t<div class=\"elementor-column elementor-col-25 elementor-top-column elementor-element elementor-element-d0aa9f4 ot-flex-column-vertical\" data-id=\"d0aa9f4\" data-element_type=\"column\">\n\t\t\t<div class=\"elementor-widget-wrap elementor-element-populated\">\n\t\t\t\t\t\t<div class=\"elementor-element elementor-element-36603fc elementor-widget elementor-widget-text-editor\" data-id=\"36603fc\" data-element_type=\"widget\" data-widget_type=\"text-editor.default\">\n\t\t\t\t\t\t\t\t\t<p style=\"text-align: center;\">Contenido <strong>de<\/strong><br \/><strong>calidad internacional<\/strong><\/p>\t\t\t\t\t\t\t\t<\/div>\n\t\t\t\t\t<\/div>\n\t\t<\/div>\n\t\t\t\t<div class=\"elementor-column elementor-col-25 elementor-top-column elementor-element elementor-element-496a3c4 ot-flex-column-vertical\" data-id=\"496a3c4\" data-element_type=\"column\">\n\t\t\t<div class=\"elementor-widget-wrap elementor-element-populated\">\n\t\t\t\t\t\t<div class=\"elementor-element elementor-element-f1a6dce elementor-widget elementor-widget-text-editor\" data-id=\"f1a6dce\" data-element_type=\"widget\" data-widget_type=\"text-editor.default\">\n\t\t\t\t\t\t\t\t\t<p style=\"text-align: center;\">Modalidad <strong>100%<\/strong><br \/><strong>online<\/strong> y flexible.<\/p>\t\t\t\t\t\t\t\t<\/div>\n\t\t\t\t\t<\/div>\n\t\t<\/div>\n\t\t\t\t<div class=\"elementor-column elementor-col-25 elementor-top-column elementor-element elementor-element-84348fc ot-flex-column-vertical\" data-id=\"84348fc\" data-element_type=\"column\">\n\t\t\t<div class=\"elementor-widget-wrap elementor-element-populated\">\n\t\t\t\t\t\t<div class=\"elementor-element elementor-element-236c38f elementor-widget elementor-widget-text-editor\" data-id=\"236c38f\" data-element_type=\"widget\" data-widget_type=\"text-editor.default\">\n\t\t\t\t\t\t\t\t\t<p style=\"text-align: center;\">Acompa\u00f1amiento profesional<br \/>y humano en cada etapa<\/p>\t\t\t\t\t\t\t\t<\/div>\n\t\t\t\t\t<\/div>\n\t\t<\/div>\n\t\t\t\t\t<\/div>\n\t\t<\/section>\n\t\t\t\t<\/div>\n\t\t","protected":false},"excerpt":{"rendered":"<p>Nuestros programas son reconocidos y aplicables en diversas industrias, permitiendo a profesionales y corporativos mejorar sus resultados. \u00abLas empresas que apuestan por la capacitaci\u00f3n continua son las que logran la verdadera transformaci\u00f3n.\u00bb Transformamos la educaci\u00f3n latinoamericana mediante tecnolog\u00eda y desarrollo humano para potenciar tu impacto. Universidad Tecmilenio, instituci\u00f3n l\u00edder en M\u00e9xico, impulsa el aprendizaje innovador, [&hellip;]<\/p>\n","protected":false},"author":1,"featured_media":0,"parent":0,"menu_order":0,"comment_status":"closed","ping_status":"closed","template":"","meta":{"footnotes":""},"class_list":["post-3220","page","type-page","status-publish","hentry"],"_links":{"self":[{"href":"https:\/\/educacionsinfronteras.com.pe\/index.php\/wp-json\/wp\/v2\/pages\/3220","targetHints":{"allow":["GET"]}}],"collection":[{"href":"https:\/\/educacionsinfronteras.com.pe\/index.php\/wp-json\/wp\/v2\/pages"}],"about":[{"href":"https:\/\/educacionsinfronteras.com.pe\/index.php\/wp-json\/wp\/v2\/types\/page"}],"author":[{"embeddable":true,"href":"https:\/\/educacionsinfronteras.com.pe\/index.php\/wp-json\/wp\/v2\/users\/1"}],"replies":[{"embeddable":true,"href":"https:\/\/educacionsinfronteras.com.pe\/index.php\/wp-json\/wp\/v2\/comments?post=3220"}],"version-history":[{"count":13,"href":"https:\/\/educacionsinfronteras.com.pe\/index.php\/wp-json\/wp\/v2\/pages\/3220\/revisions"}],"predecessor-version":[{"id":3335,"href":"https:\/\/educacionsinfronteras.com.pe\/index.php\/wp-json\/wp\/v2\/pages\/3220\/revisions\/3335"}],"wp:attachment":[{"href":"https:\/\/educacionsinfronteras.com.pe\/index.php\/wp-json\/wp\/v2\/media?parent=3220"}],"curies":[{"name":"wp","href":"https:\/\/api.w.org\/{rel}","templated":true}]}}