{"id":3208,"date":"2025-10-05T22:43:50","date_gmt":"2025-10-05T22:43:50","guid":{"rendered":"https:\/\/educacionsinfronteras.com.pe\/?page_id=3208"},"modified":"2025-10-11T16:59:02","modified_gmt":"2025-10-11T16:59:02","slug":"metodologia","status":"publish","type":"page","link":"https:\/\/educacionsinfronteras.com.pe\/index.php\/metodologia\/","title":{"rendered":"Metodolog\u00eda"},"content":{"rendered":"\t\t<div data-elementor-type=\"wp-page\" data-elementor-id=\"3208\" class=\"elementor elementor-3208\">\n\t\t\t\t\t\t<section class=\"elementor-section elementor-top-section elementor-element elementor-element-aeaf1cb elementor-section-content-middle elementor-section-boxed elementor-section-height-default elementor-section-height-default\" data-id=\"aeaf1cb\" data-element_type=\"section\">\n\t\t\t\t\t\t<div class=\"elementor-container elementor-column-gap-extended\">\n\t\t\t\t\t<div class=\"elementor-column elementor-col-50 elementor-top-column elementor-element elementor-element-e209ac4 ot-flex-column-vertical\" data-id=\"e209ac4\" data-element_type=\"column\">\n\t\t\t<div class=\"elementor-widget-wrap elementor-element-populated\">\n\t\t\t\t\t\t<div class=\"elementor-element elementor-element-34ca8c4 elementor-widget elementor-widget-image\" data-id=\"34ca8c4\" data-element_type=\"widget\" data-widget_type=\"image.default\">\n\t\t\t\t\t\t\t\t\t\t\t\t\t\t\t<img fetchpriority=\"high\" decoding=\"async\" width=\"630\" height=\"475\" src=\"https:\/\/educacionsinfronteras.com.pe\/wp-content\/uploads\/2020\/09\/image1-about-us.jpg\" class=\"attachment-full size-full wp-image-491\" alt=\"\" srcset=\"https:\/\/educacionsinfronteras.com.pe\/wp-content\/uploads\/2020\/09\/image1-about-us.jpg 630w, https:\/\/educacionsinfronteras.com.pe\/wp-content\/uploads\/2020\/09\/image1-about-us-300x226.jpg 300w\" sizes=\"(max-width: 630px) 100vw, 630px\" \/>\t\t\t\t\t\t\t\t\t\t\t\t\t\t\t<\/div>\n\t\t\t\t\t<\/div>\n\t\t<\/div>\n\t\t\t\t<div class=\"elementor-column elementor-col-50 elementor-top-column elementor-element elementor-element-1feb286 ot-flex-column-vertical\" data-id=\"1feb286\" data-element_type=\"column\">\n\t\t\t<div class=\"elementor-widget-wrap elementor-element-populated\">\n\t\t\t\t\t\t<div class=\"elementor-element elementor-element-bb4f4ed elementor-widget__width-initial elementor-widget elementor-widget-text-editor\" data-id=\"bb4f4ed\" data-element_type=\"widget\" data-widget_type=\"text-editor.default\">\n\t\t\t\t\t\t\t\t\t<p>En <strong>EDUCACI\u00d3N SIN FRONTERAS<\/strong> combinamos teor\u00eda y pr\u00e1ctica con un enfoque din\u00e1mico y corporativo:<\/p><ul><li>Clases en vivo + material grabado.<\/li><li>Casos reales y simulaciones pr\u00e1cticas.<\/li><li>Certificaciones reconocidas internacionalmente.<\/li><li>Soporte cercano durante todo el proceso.<\/li><\/ul><p><em>\u00abNo s\u00f3lo aprender\u00e1s conceptos, vivir\u00e1s experiencias que podr\u00e1s aplicar en tu entorno laboral desde el primer d\u00eda.\u00bb<\/em><\/p><p>\u00a0<\/p><p><strong>Beneficios de estudiar con nosotros<\/strong><\/p><ul><li>Certificaci\u00f3n internacional avalada.<\/li><li>Precios accesibles y promociones vigentes.<\/li><li>Aprendizaje 100% online desde cualquier lugar.<\/li><li>Comunidad activa de estudiantes y profesionales.<\/li><li>Contenido corporativo, din\u00e1mico y aspiracional.<\/li><\/ul><p><em>\u00a0<\/em><\/p>\t\t\t\t\t\t\t\t<\/div>\n\t\t\t\t\t<\/div>\n\t\t<\/div>\n\t\t\t\t\t<\/div>\n\t\t<\/section>\n\t\t\t\t<\/div>\n\t\t","protected":false},"excerpt":{"rendered":"<p>En EDUCACI\u00d3N SIN FRONTERAS combinamos teor\u00eda y pr\u00e1ctica con un enfoque din\u00e1mico y corporativo: Clases en vivo + material grabado. Casos reales y simulaciones pr\u00e1cticas. Certificaciones reconocidas internacionalmente. Soporte cercano durante todo el proceso. \u00abNo s\u00f3lo aprender\u00e1s conceptos, vivir\u00e1s experiencias que podr\u00e1s aplicar en tu entorno laboral desde el primer d\u00eda.\u00bb \u00a0 Beneficios de estudiar [&hellip;]<\/p>\n","protected":false},"author":1,"featured_media":0,"parent":0,"menu_order":0,"comment_status":"closed","ping_status":"closed","template":"","meta":{"footnotes":""},"class_list":["post-3208","page","type-page","status-publish","hentry"],"_links":{"self":[{"href":"https:\/\/educacionsinfronteras.com.pe\/index.php\/wp-json\/wp\/v2\/pages\/3208","targetHints":{"allow":["GET"]}}],"collection":[{"href":"https:\/\/educacionsinfronteras.com.pe\/index.php\/wp-json\/wp\/v2\/pages"}],"about":[{"href":"https:\/\/educacionsinfronteras.com.pe\/index.php\/wp-json\/wp\/v2\/types\/page"}],"author":[{"embeddable":true,"href":"https:\/\/educacionsinfronteras.com.pe\/index.php\/wp-json\/wp\/v2\/users\/1"}],"replies":[{"embeddable":true,"href":"https:\/\/educacionsinfronteras.com.pe\/index.php\/wp-json\/wp\/v2\/comments?post=3208"}],"version-history":[{"count":13,"href":"https:\/\/educacionsinfronteras.com.pe\/index.php\/wp-json\/wp\/v2\/pages\/3208\/revisions"}],"predecessor-version":[{"id":3322,"href":"https:\/\/educacionsinfronteras.com.pe\/index.php\/wp-json\/wp\/v2\/pages\/3208\/revisions\/3322"}],"wp:attachment":[{"href":"https:\/\/educacionsinfronteras.com.pe\/index.php\/wp-json\/wp\/v2\/media?parent=3208"}],"curies":[{"name":"wp","href":"https:\/\/api.w.org\/{rel}","templated":true}]}}