{"id":2829,"date":"2020-09-08T09:22:44","date_gmt":"2020-09-08T09:22:44","guid":{"rendered":"http:\/\/wpdemo.archiwp.com\/maxbizz\/?page_id=566"},"modified":"2025-10-06T00:09:00","modified_gmt":"2025-10-06T00:09:00","slug":"faqs","status":"publish","type":"page","link":"https:\/\/educacionsinfronteras.com.pe\/index.php\/faqs\/","title":{"rendered":"FAQs"},"content":{"rendered":"\t\t<div data-elementor-type=\"wp-page\" data-elementor-id=\"2829\" class=\"elementor elementor-2829\">\n\t\t\t\t\t\t<section class=\"elementor-section elementor-top-section elementor-element elementor-element-1fad6c2 elementor-section-boxed elementor-section-height-default elementor-section-height-default\" data-id=\"1fad6c2\" data-element_type=\"section\">\n\t\t\t\t\t\t<div class=\"elementor-container elementor-column-gap-default\">\n\t\t\t\t\t<div class=\"elementor-column elementor-col-100 elementor-top-column elementor-element elementor-element-cfef8fb ot-flex-column-vertical\" data-id=\"cfef8fb\" data-element_type=\"column\">\n\t\t\t<div class=\"elementor-widget-wrap elementor-element-populated\">\n\t\t\t\t\t\t<section class=\"elementor-section elementor-inner-section elementor-element elementor-element-b29ca39 elementor-section-full_width elementor-section-height-default elementor-section-height-default\" data-id=\"b29ca39\" data-element_type=\"section\">\n\t\t\t\t\t\t<div class=\"elementor-container elementor-column-gap-default\">\n\t\t\t\t\t<div class=\"elementor-column elementor-col-33 elementor-inner-column elementor-element elementor-element-3d04547 ot-flex-column-vertical\" data-id=\"3d04547\" data-element_type=\"column\">\n\t\t\t<div class=\"elementor-widget-wrap\">\n\t\t\t\t\t\t\t<\/div>\n\t\t<\/div>\n\t\t\t\t<div class=\"elementor-column elementor-col-33 elementor-inner-column elementor-element elementor-element-ba86566 ot-flex-column-vertical\" data-id=\"ba86566\" data-element_type=\"column\">\n\t\t\t<div class=\"elementor-widget-wrap elementor-element-populated\">\n\t\t\t\t\t\t<div class=\"elementor-element elementor-element-4865c99 elementor-widget elementor-widget-iheading\" data-id=\"4865c99\" data-element_type=\"widget\" data-widget_type=\"iheading.default\">\n\t\t\t\t<div class=\"elementor-widget-container\">\n\t\t\t\t\t\t\t<div class=\"ot-heading\">\r\n\t        <span class=\"\">faqs<\/span>\t        <h3 class=\"main-head\">Preguntas Frecuentes<\/h3>\t    <\/div>\r\n\t    \t\t\t\t<\/div>\n\t\t\t\t<\/div>\n\t\t\t\t<div class=\"elementor-element elementor-element-f714140 elementor-widget elementor-widget-text-editor\" data-id=\"f714140\" data-element_type=\"widget\" data-widget_type=\"text-editor.default\">\n\t\t\t\t\t\t\t\t\t<p>Reduce dudas y aumenta inscripciones.<\/p>\t\t\t\t\t\t\t\t<\/div>\n\t\t\t\t\t<\/div>\n\t\t<\/div>\n\t\t\t\t<div class=\"elementor-column elementor-col-33 elementor-inner-column elementor-element elementor-element-af5bfe2 ot-flex-column-vertical\" data-id=\"af5bfe2\" data-element_type=\"column\">\n\t\t\t<div class=\"elementor-widget-wrap\">\n\t\t\t\t\t\t\t<\/div>\n\t\t<\/div>\n\t\t\t\t\t<\/div>\n\t\t<\/section>\n\t\t\t\t<section class=\"elementor-section elementor-inner-section elementor-element elementor-element-0e107ea elementor-section-full_width elementor-section-height-default elementor-section-height-default\" data-id=\"0e107ea\" data-element_type=\"section\">\n\t\t\t\t\t\t<div class=\"elementor-container elementor-column-gap-extended\">\n\t\t\t\t\t<div class=\"elementor-column elementor-col-33 elementor-inner-column elementor-element elementor-element-531351e ot-flex-column-vertical\" data-id=\"531351e\" data-element_type=\"column\">\n\t\t\t<div class=\"elementor-widget-wrap\">\n\t\t\t\t\t\t\t<\/div>\n\t\t<\/div>\n\t\t\t\t<div class=\"elementor-column elementor-col-66 elementor-inner-column elementor-element elementor-element-a627a5f ot-flex-column-vertical\" data-id=\"a627a5f\" data-element_type=\"column\">\n\t\t\t<div class=\"elementor-widget-wrap elementor-element-populated\">\n\t\t\t\t\t\t<div class=\"elementor-element elementor-element-2e8ff7b elementor-widget elementor-widget-iaccordions\" data-id=\"2e8ff7b\" data-element_type=\"widget\" data-widget_type=\"iaccordions.default\">\n\t\t\t\t<div class=\"elementor-widget-container\">\n\t\t\t\t\t\r\n\t\t<div class=\"ot-accordions\">\r\n\t\t\t\t\t\t<div class=\"acc-item\">\r\n\t\t\t\t<div class=\"acc-toggle flex-middle\" data-default=\"yes\">\u00bfEl certificado tiene validez internacional? \r\n\t\t\t\t\t<i class=\"ot-flaticon-arrowsoutline\"><\/i>\r\n\t\t\t\t<\/div>\r\n\t\t\t\t<div class=\"acc-content\">\r\n\t\t\t\t\t<p>Nuestros programas est\u00e1n dise\u00f1ados con est\u00e1ndares educativos reconocidos y orientados al desarrollo profesional. La validez depende de las pol\u00edticas y requisitos de cada pa\u00eds o instituci\u00f3n.<\/p>\t\t\t\t<\/div>\r\n\t\t\t<\/div>\r\n\t\t\t\t\t\t<div class=\"acc-item\">\r\n\t\t\t\t<div class=\"acc-toggle flex-middle\" data-default=\"\">\u00bfEs necesario estar presente en las clases en directo? \r\n\t\t\t\t\t<i class=\"ot-flaticon-arrowsoutline\"><\/i>\r\n\t\t\t\t<\/div>\r\n\t\t\t\t<div class=\"acc-content\">\r\n\t\t\t\t\t<p>Las sesiones en vivo son una excelente oportunidad para interactuar con los instructores y resolver dudas en tiempo real, pero nuestros programas est\u00e1n pensados para ofrecer flexibilidad a cada participante.<\/p>\t\t\t\t<\/div>\r\n\t\t\t<\/div>\r\n\t\t\t\t\t\t<div class=\"acc-item\">\r\n\t\t\t\t<div class=\"acc-toggle flex-middle\" data-default=\"\">\u00bfLas clases quedan grabadas? \r\n\t\t\t\t\t<i class=\"ot-flaticon-arrowsoutline\"><\/i>\r\n\t\t\t\t<\/div>\r\n\t\t\t\t<div class=\"acc-content\">\r\n\t\t\t\t\t<p>S\u00ed, la mayor\u00eda de los programas cuentan con acceso posterior al material o a las grabaciones, permitiendo que los estudiantes repasen los contenidos seg\u00fan su disponibilidad.<\/p>\t\t\t\t<\/div>\r\n\t\t\t<\/div>\r\n\t\t\t\t\t\t<div class=\"acc-item\">\r\n\t\t\t\t<div class=\"acc-toggle flex-middle\" data-default=\"\">\u00bfPuedo pagar en cuotas? \r\n\t\t\t\t\t<i class=\"ot-flaticon-arrowsoutline\"><\/i>\r\n\t\t\t\t<\/div>\r\n\t\t\t\t<div class=\"acc-content\">\r\n\t\t\t\t\t<p>Ofrecemos opciones de pago flexibles que se adaptan a las posibilidades de cada estudiante. Los detalles y condiciones pueden variar seg\u00fan el curso o programa elegido.<\/p>\t\t\t\t<\/div>\r\n\t\t\t<\/div>\r\n\t\t\t\t    <\/div>\r\n\r\n\t    \t\t\t\t<\/div>\n\t\t\t\t<\/div>\n\t\t\t\t\t<\/div>\n\t\t<\/div>\n\t\t\t\t\t<\/div>\n\t\t<\/section>\n\t\t\t\t\t<\/div>\n\t\t<\/div>\n\t\t\t\t\t<\/div>\n\t\t<\/section>\n\t\t\t\t<\/div>\n\t\t","protected":false},"excerpt":{"rendered":"<p>faqs Preguntas Frecuentes Reduce dudas y aumenta inscripciones. \u00bfEl certificado tiene validez internacional? Nuestros programas est\u00e1n dise\u00f1ados con est\u00e1ndares educativos reconocidos y orientados al desarrollo profesional. La validez depende de las pol\u00edticas y requisitos de cada pa\u00eds o instituci\u00f3n. \u00bfEs necesario estar presente en las clases en directo? Las sesiones en vivo son una excelente [&hellip;]<\/p>\n","protected":false},"author":1,"featured_media":0,"parent":0,"menu_order":0,"comment_status":"closed","ping_status":"closed","template":"","meta":{"footnotes":""},"class_list":["post-2829","page","type-page","status-publish","hentry"],"_links":{"self":[{"href":"https:\/\/educacionsinfronteras.com.pe\/index.php\/wp-json\/wp\/v2\/pages\/2829","targetHints":{"allow":["GET"]}}],"collection":[{"href":"https:\/\/educacionsinfronteras.com.pe\/index.php\/wp-json\/wp\/v2\/pages"}],"about":[{"href":"https:\/\/educacionsinfronteras.com.pe\/index.php\/wp-json\/wp\/v2\/types\/page"}],"author":[{"embeddable":true,"href":"https:\/\/educacionsinfronteras.com.pe\/index.php\/wp-json\/wp\/v2\/users\/1"}],"replies":[{"embeddable":true,"href":"https:\/\/educacionsinfronteras.com.pe\/index.php\/wp-json\/wp\/v2\/comments?post=2829"}],"version-history":[{"count":6,"href":"https:\/\/educacionsinfronteras.com.pe\/index.php\/wp-json\/wp\/v2\/pages\/2829\/revisions"}],"predecessor-version":[{"id":3248,"href":"https:\/\/educacionsinfronteras.com.pe\/index.php\/wp-json\/wp\/v2\/pages\/2829\/revisions\/3248"}],"wp:attachment":[{"href":"https:\/\/educacionsinfronteras.com.pe\/index.php\/wp-json\/wp\/v2\/media?parent=2829"}],"curies":[{"name":"wp","href":"https:\/\/api.w.org\/{rel}","templated":true}]}}